{"id":5288,"date":"2025-01-15T21:15:45","date_gmt":"2025-01-15T20:15:45","guid":{"rendered":"https:\/\/cafe-atol.cz\/web\/?page_id=5288"},"modified":"2025-01-23T10:01:24","modified_gmt":"2025-01-23T09:01:24","slug":"kontakt","status":"publish","type":"page","link":"https:\/\/cafe-atol.cz\/web\/kontakt\/","title":{"rendered":"Kontakt"},"content":{"rendered":"\t\t<div data-elementor-type=\"wp-page\" data-elementor-id=\"5288\" class=\"elementor elementor-5288\">\n\t\t\t\t<div class=\"elementor-element elementor-element-739a0d1 e-flex e-con-boxed e-con e-parent\" data-id=\"739a0d1\" data-element_type=\"container\">\n\t\t\t\t\t<div class=\"e-con-inner\">\n\t\t<div class=\"elementor-element elementor-element-bdf56f2 e-con-full e-flex e-con e-child\" data-id=\"bdf56f2\" data-element_type=\"container\">\n\t\t<div class=\"elementor-element elementor-element-bf4aa84 e-con-full e-flex e-con e-child\" data-id=\"bf4aa84\" data-element_type=\"container\">\n\t\t<div class=\"elementor-element elementor-element-d0d58d1 e-con-full e-flex e-con e-child\" data-id=\"d0d58d1\" data-element_type=\"container\">\n\t\t\t\t<div class=\"elementor-element elementor-element-673239d elementor-hidden-tablet elementor-hidden-mobile elementor-widget elementor-widget-image\" data-id=\"673239d\" data-element_type=\"widget\" data-widget_type=\"image.default\">\n\t\t\t\t<div class=\"elementor-widget-container\">\n\t\t\t\t\t\t\t\t\t\t\t\t\t\t\t<img fetchpriority=\"high\" decoding=\"async\" width=\"600\" height=\"650\" src=\"https:\/\/cafe-atol.cz\/web\/wp-content\/uploads\/2024\/12\/hrnekatol-web2.png\" class=\"attachment-full size-full wp-image-5206\" alt=\"Caf\u00e9 Atol Most - v\u00fdb\u011brov\u00e1 k\u00e1va\" srcset=\"https:\/\/cafe-atol.cz\/web\/wp-content\/uploads\/2024\/12\/hrnekatol-web2.png 600w, https:\/\/cafe-atol.cz\/web\/wp-content\/uploads\/2024\/12\/hrnekatol-web2-277x300.png 277w\" sizes=\"(max-width: 600px) 100vw, 600px\" \/>\t\t\t\t\t\t\t\t\t\t\t\t\t\t\t<\/div>\n\t\t\t\t<\/div>\n\t\t\t\t<\/div>\n\t\t<div class=\"elementor-element elementor-element-37b192d e-con-full e-flex e-con e-child\" data-id=\"37b192d\" data-element_type=\"container\">\n\t\t\t\t<div class=\"elementor-element elementor-element-9bb2905 elementor-widget elementor-widget-iheading\" data-id=\"9bb2905\" data-element_type=\"widget\" data-widget_type=\"iheading.default\">\n\t\t\t\t<div class=\"elementor-widget-container\">\n\t\t\t\t\t\t\t<div class=\"xp-heading\">\r\n\t        <span class=\"is_highlight\">Spojte se s n\u00e1mi<\/span>\t        <h2 class=\"main-head\">Na\u0161e kontakty<\/h2>\t    <\/div>\r\n\t    \t\t\t\t<\/div>\n\t\t\t\t<\/div>\n\t\t\t\t<div class=\"elementor-element elementor-element-7a7aceb elementor-widget-divider--view-line_icon elementor-widget-divider--element-align-left border_clr elementor-view-default elementor-widget elementor-widget-divider\" data-id=\"7a7aceb\" data-element_type=\"widget\" data-widget_type=\"divider.default\">\n\t\t\t\t<div class=\"elementor-widget-container\">\n\t\t\t\t\t\t\t<div class=\"elementor-divider\">\n\t\t\t<span class=\"elementor-divider-separator\">\n\t\t\t\t\t\t\t<div class=\"elementor-icon elementor-divider__element\">\n\t\t\t\t\t<i aria-hidden=\"true\" class=\"cg cg-Coffee-bean\"><\/i><\/div>\n\t\t\t\t\t\t<\/span>\n\t\t<\/div>\n\t\t\t\t\t\t<\/div>\n\t\t\t\t<\/div>\n\t\t\t\t<div class=\"elementor-element elementor-element-ab71526 elementor-widget elementor-widget-text-editor\" data-id=\"ab71526\" data-element_type=\"widget\" data-widget_type=\"text-editor.default\">\n\t\t\t\t<div class=\"elementor-widget-container\">\n\t\t\t\t\t\t\t\t\t<p>M\u00e1te ot\u00e1zky nebo si chcete <a href=\"https:\/\/cafe-atol.cz\/web\/rezervujte-si-svuj-stul-nebo-usporadejte-akci-v-cafe-atol\/\">rezervovat<\/a> sv\u016fj st\u016fl? Nev\u00e1hejte n\u00e1s kontaktovat!<\/p><p>R\u00e1di v\u00e1m odpov\u00edme na va\u0161e dotazy nebo v\u00e1m pom\u016f\u017eeme s objedn\u00e1vkou na\u0161ich z\u00e1kusk\u016f a dort\u016f.<\/p>\t\t\t\t\t\t\t\t<\/div>\n\t\t\t\t<\/div>\n\t\t\t\t<div class=\"elementor-element elementor-element-9194740 box-s1 icon-left elementor-widget elementor-widget-iiconbox2\" data-id=\"9194740\" data-element_type=\"widget\" data-widget_type=\"iiconbox2.default\">\n\t\t\t\t<div class=\"elementor-widget-container\">\n\t\t\t\t\t\t\t<div class=\"icon-box icon-box-2\">\r\n\t\t\t<div class=\"icon-main\">\r\n\t\t        <i aria-hidden=\"true\" class=\"ci ci-phone-telephone-call-call-communications-speech-bubble\"><\/i>\t        <\/div>\r\n\t        <div class=\"content-box\">\r\n\t\t\t\t<h6 class=\"title-box\"><a href=\"tel:+420608651901\" target=\"_blank\">Informace a rezervace<\/a><\/h6>\t\t\t\t<p><h6>+420608651901<\/h6><\/p>\t\t\t<\/div>\r\n\t    <\/div>\r\n\t    \t\t\t\t<\/div>\n\t\t\t\t<\/div>\n\t\t\t\t<div class=\"elementor-element elementor-element-c6c9613 box-s1 icon-left elementor-widget elementor-widget-iiconbox2\" data-id=\"c6c9613\" data-element_type=\"widget\" data-widget_type=\"iiconbox2.default\">\n\t\t\t\t<div class=\"elementor-widget-container\">\n\t\t\t\t\t\t\t<div class=\"icon-box icon-box-2\">\r\n\t\t\t<div class=\"icon-main\">\r\n\t\t        <i aria-hidden=\"true\" class=\"ci ci-hours-time-and-date-circular-arrow-counterclockwise-rotate-time\"><\/i>\t        <\/div>\r\n\t        <div class=\"content-box\">\r\n\t\t\t\t<h6 class=\"title-box\">Otev\u00edrac\u00ed doba<\/h6>\t\t\t\t<p><b>Pond\u011bl\u00ed - p\u00e1tek:<\/b> 9:00 - 17:00 <br>\n<b>Sobota a ned\u011ble:<\/b> ZAV\u0158ENO <\/p>\t\t\t<\/div>\r\n\t    <\/div>\r\n\t    \t\t\t\t<\/div>\n\t\t\t\t<\/div>\n\t\t\t\t<div class=\"elementor-element elementor-element-f8bff2d box-s1 icon-left elementor-widget elementor-widget-iiconbox2\" data-id=\"f8bff2d\" data-element_type=\"widget\" data-widget_type=\"iiconbox2.default\">\n\t\t\t\t<div class=\"elementor-widget-container\">\n\t\t\t\t\t\t\t<div class=\"icon-box icon-box-2\">\r\n\t\t\t<div class=\"icon-main\">\r\n\t\t        <i aria-hidden=\"true\" class=\"cg cg-signboard-restaurant-cafe-cafeteria-coffee-shop-interior-decoration\"><\/i>\t        <\/div>\r\n\t        <div class=\"content-box\">\r\n\t\t\t\t<h6 class=\"title-box\">Kde najdete Caf\u00e9 Atol?<\/h6>\t\t\t\t<p>Moskevsk\u00e1 1999, Most<\/p>\t\t\t<\/div>\r\n\t    <\/div>\r\n\t    \t\t\t\t<\/div>\n\t\t\t\t<\/div>\n\t\t\t\t<div class=\"elementor-element elementor-element-60ca665 elementor-shape-circle e-grid-align-left elementor-grid-0 elementor-widget elementor-widget-social-icons\" data-id=\"60ca665\" data-element_type=\"widget\" data-widget_type=\"social-icons.default\">\n\t\t\t\t<div class=\"elementor-widget-container\">\n\t\t\t\t\t\t\t<div class=\"elementor-social-icons-wrapper elementor-grid\">\n\t\t\t\t\t\t\t<span class=\"elementor-grid-item\">\n\t\t\t\t\t<a class=\"elementor-icon elementor-social-icon elementor-social-icon-facebook elementor-animation-float elementor-repeater-item-39a250a\" href=\"https:\/\/www.facebook.com\/CukrarnaDOBROta\" target=\"_blank\">\n\t\t\t\t\t\t<span class=\"elementor-screen-only\">Facebook<\/span>\n\t\t\t\t\t\t<svg class=\"e-font-icon-svg e-fab-facebook\" viewBox=\"0 0 512 512\" xmlns=\"http:\/\/www.w3.org\/2000\/svg\"><path d=\"M504 256C504 119 393 8 256 8S8 119 8 256c0 123.78 90.69 226.38 209.25 245V327.69h-63V256h63v-54.64c0-62.15 37-96.48 93.67-96.48 27.14 0 55.52 4.84 55.52 4.84v61h-31.28c-30.8 0-40.41 19.12-40.41 38.73V256h68.78l-11 71.69h-57.78V501C413.31 482.38 504 379.78 504 256z\"><\/path><\/svg>\t\t\t\t\t<\/a>\n\t\t\t\t<\/span>\n\t\t\t\t\t\t\t<span class=\"elementor-grid-item\">\n\t\t\t\t\t<a class=\"elementor-icon elementor-social-icon elementor-social-icon-instagram elementor-animation-float elementor-repeater-item-a97e312\" href=\"https:\/\/www.instagram.com\/cukrarnadobrota\/\" target=\"_blank\">\n\t\t\t\t\t\t<span class=\"elementor-screen-only\">Instagram<\/span>\n\t\t\t\t\t\t<svg class=\"e-font-icon-svg e-fab-instagram\" viewBox=\"0 0 448 512\" xmlns=\"http:\/\/www.w3.org\/2000\/svg\"><path d=\"M224.1 141c-63.6 0-114.9 51.3-114.9 114.9s51.3 114.9 114.9 114.9S339 319.5 339 255.9 287.7 141 224.1 141zm0 189.6c-41.1 0-74.7-33.5-74.7-74.7s33.5-74.7 74.7-74.7 74.7 33.5 74.7 74.7-33.6 74.7-74.7 74.7zm146.4-194.3c0 14.9-12 26.8-26.8 26.8-14.9 0-26.8-12-26.8-26.8s12-26.8 26.8-26.8 26.8 12 26.8 26.8zm76.1 27.2c-1.7-35.9-9.9-67.7-36.2-93.9-26.2-26.2-58-34.4-93.9-36.2-37-2.1-147.9-2.1-184.9 0-35.8 1.7-67.6 9.9-93.9 36.1s-34.4 58-36.2 93.9c-2.1 37-2.1 147.9 0 184.9 1.7 35.9 9.9 67.7 36.2 93.9s58 34.4 93.9 36.2c37 2.1 147.9 2.1 184.9 0 35.9-1.7 67.7-9.9 93.9-36.2 26.2-26.2 34.4-58 36.2-93.9 2.1-37 2.1-147.8 0-184.8zM398.8 388c-7.8 19.6-22.9 34.7-42.6 42.6-29.5 11.7-99.5 9-132.1 9s-102.7 2.6-132.1-9c-19.6-7.8-34.7-22.9-42.6-42.6-11.7-29.5-9-99.5-9-132.1s-2.6-102.7 9-132.1c7.8-19.6 22.9-34.7 42.6-42.6 29.5-11.7 99.5-9 132.1-9s102.7-2.6 132.1 9c19.6 7.8 34.7 22.9 42.6 42.6 11.7 29.5 9 99.5 9 132.1s2.7 102.7-9 132.1z\"><\/path><\/svg>\t\t\t\t\t<\/a>\n\t\t\t\t<\/span>\n\t\t\t\t\t<\/div>\n\t\t\t\t\t\t<\/div>\n\t\t\t\t<\/div>\n\t\t\t\t<\/div>\n\t\t\t\t<\/div>\n\t\t\t\t<\/div>\n\t\t\t\t\t<\/div>\n\t\t\t\t<\/div>\n\t\t<div class=\"elementor-element elementor-element-365307c e-flex e-con-boxed e-con e-parent\" data-id=\"365307c\" data-element_type=\"container\">\n\t\t\t\t\t<div class=\"e-con-inner\">\n\t\t<div class=\"elementor-element elementor-element-3fbd94a e-con-full e-flex e-con e-child\" data-id=\"3fbd94a\" data-element_type=\"container\">\n\t\t\t\t<div class=\"elementor-element elementor-element-919b9e3 elementor-widget elementor-widget-google_maps\" data-id=\"919b9e3\" data-element_type=\"widget\" data-widget_type=\"google_maps.default\">\n\t\t\t\t<div class=\"elementor-widget-container\">\n\t\t\t\t\t\t\t<div class=\"elementor-custom-embed\">\n\t\t\t<iframe loading=\"lazy\"\n\t\t\t\t\tdata-src=\"https:\/\/maps.google.com\/maps?q=Caf%C3%A9%20Atol%2C%20Moskevsk%C3%A1%201999%2C%20Most&#038;t=m&#038;z=16&#038;output=embed&#038;iwloc=near\"\n\t\t\t\t\ttitle=\"Caf\u00e9 Atol, Moskevsk\u00e1 1999, Most\"\n\t\t\t\t\taria-label=\"Caf\u00e9 Atol, Moskevsk\u00e1 1999, Most\"\n\t\t\t src=\"data:image\/gif;base64,R0lGODlhAQABAAAAACH5BAEKAAEALAAAAAABAAEAAAICTAEAOw==\" class=\"lazyload\" data-load-mode=\"1\"><\/iframe>\n\t\t<\/div>\n\t\t\t\t\t\t<\/div>\n\t\t\t\t<\/div>\n\t\t\t\t<\/div>\n\t\t\t\t\t<\/div>\n\t\t\t\t<\/div>\n\t\t<div class=\"elementor-element elementor-element-c0c1a48 e-flex e-con-boxed e-con e-parent\" data-id=\"c0c1a48\" data-element_type=\"container\" data-settings=\"{&quot;background_background&quot;:&quot;classic&quot;}\">\n\t\t\t\t\t<div class=\"e-con-inner\">\n\t\t<div class=\"elementor-element elementor-element-c0552c7 e-con-full e-flex e-con e-child\" data-id=\"c0552c7\" data-element_type=\"container\">\n\t\t\t\t<div class=\"elementor-element elementor-element-4048279 elementor-widget elementor-widget-iheading\" data-id=\"4048279\" data-element_type=\"widget\" data-widget_type=\"iheading.default\">\n\t\t\t\t<div class=\"elementor-widget-container\">\n\t\t\t\t\t\t\t<div class=\"xp-heading\">\r\n\t        <span class=\"is_highlight\">Sladk\u00e1 nab\u00eddka od Cukr\u00e1rny DOBROta<\/span>\t        <h2 class=\"main-head\">Dom\u00e1c\u00ed z\u00e1kusky a dorty pro ka\u017edou p\u0159\u00edle\u017eitost<\/h2>\t    <\/div>\r\n\t    \t\t\t\t<\/div>\n\t\t\t\t<\/div>\n\t\t\t\t<div class=\"elementor-element elementor-element-eb9303f elementor-widget-divider--view-line_icon border_clr elementor-view-default elementor-widget-divider--element-align-center elementor-widget elementor-widget-divider\" data-id=\"eb9303f\" data-element_type=\"widget\" data-widget_type=\"divider.default\">\n\t\t\t\t<div class=\"elementor-widget-container\">\n\t\t\t\t\t\t\t<div class=\"elementor-divider\">\n\t\t\t<span class=\"elementor-divider-separator\">\n\t\t\t\t\t\t\t<div class=\"elementor-icon elementor-divider__element\">\n\t\t\t\t\t<i aria-hidden=\"true\" class=\"cg cg-Coffee-bean\"><\/i><\/div>\n\t\t\t\t\t\t<\/span>\n\t\t<\/div>\n\t\t\t\t\t\t<\/div>\n\t\t\t\t<\/div>\n\t\t\t\t<div class=\"elementor-element elementor-element-af34192 elementor-widget__width-initial elementor-widget elementor-widget-text-editor\" data-id=\"af34192\" data-element_type=\"widget\" data-widget_type=\"text-editor.default\">\n\t\t\t\t<div class=\"elementor-widget-container\">\n\t\t\t\t\t\t\t\t\t<p>Cukr\u00e1rna DOBROta p\u0159ipravuje denn\u011b \u010derstv\u00e9 z\u00e1kusky, dorty na objedn\u00e1vku a sladk\u00e9 pochoutky, kter\u00e9 najdete v Caf\u00e9 Atol.<\/p><p>A\u0165 u\u017e pl\u00e1nujete oslavu, svatbu nebo si jen chcete osladit den, na\u0161e DOBROty v\u00e1s nezklamou. Objednejte si dort na m\u00edru nebo si p\u0159ij\u010fte vybrat z na\u0161\u00ed bohat\u00e9 nab\u00eddky p\u0159\u00edmo u n\u00e1s.<\/p>\t\t\t\t\t\t\t\t<\/div>\n\t\t\t\t<\/div>\n\t\t\t\t<div class=\"elementor-element elementor-element-4922e4f elementor-widget elementor-widget-ibutton\" data-id=\"4922e4f\" data-element_type=\"widget\" data-widget_type=\"ibutton.default\">\n\t\t\t\t<div class=\"elementor-widget-container\">\n\t\t\t\t\t\t\t<div class=\"xp-button\">\r\n\t\t\t<a href=\"#\" class=\"xptf-btn xptf-btn-light\">Kompletn\u00ed nab\u00eddka Cukr\u00e1rny DOBROta<\/a>\r\n\t    <\/div>\r\n\t    \t\t\t\t<\/div>\n\t\t\t\t<\/div>\n\t\t\t\t<\/div>\n\t\t\t\t\t<\/div>\n\t\t\t\t<\/div>\n\t\t\t\t<\/div>\n\t\t","protected":false},"excerpt":{"rendered":"<p>Spojte se s n\u00e1mi Na\u0161e kontakty M\u00e1te ot\u00e1zky nebo si chcete rezervovat sv\u016fj st\u016fl? Nev\u00e1hejte n\u00e1s kontaktovat! R\u00e1di v\u00e1m odpov\u00edme na va\u0161e dotazy nebo v\u00e1m pom\u016f\u017eeme s objedn\u00e1vkou na\u0161ich z\u00e1kusk\u016f a dort\u016f. Informace a rezervace +420608651901 Otev\u00edrac\u00ed doba Pond\u011bl\u00ed &#8211; p\u00e1tek: 9:00 &#8211; 17:00 Sobota a ned\u011ble: ZAV\u0158ENO Kde najdete Caf\u00e9 Atol? Moskevsk\u00e1 1999, Most [&hellip;]<\/p>\n","protected":false},"author":1,"featured_media":0,"parent":0,"menu_order":0,"comment_status":"closed","ping_status":"closed","template":"","meta":{"footnotes":""},"class_list":["post-5288","page","type-page","status-publish","hentry"],"yoast_head":"<!-- This site is optimized with the Yoast SEO plugin v24.3 - https:\/\/yoast.com\/wordpress\/plugins\/seo\/ -->\n<title>Kontakt | Caf\u00e9 Atol Most \u2013 Va\u0161e kav\u00e1rna v srdci m\u011bsta<\/title>\n<meta name=\"description\" content=\"pojte se s Caf\u00e9 Atol v Most\u011b. Najdete n\u00e1s v centru m\u011bsta, kde si m\u016f\u017eete vychutnat dokonalou k\u00e1vu a dom\u00e1c\u00ed z\u00e1kusky. Zavolejte n\u00e1m nebo n\u00e1s nav\u0161tivte!\" \/>\n<meta name=\"robots\" content=\"index, follow, max-snippet:-1, max-image-preview:large, max-video-preview:-1\" \/>\n<link rel=\"canonical\" href=\"https:\/\/cafe-atol.cz\/web\/kontakt\/\" \/>\n<meta property=\"og:locale\" content=\"cs_CZ\" \/>\n<meta property=\"og:type\" content=\"article\" \/>\n<meta property=\"og:title\" content=\"Kontakt | Caf\u00e9 Atol Most \u2013 Va\u0161e kav\u00e1rna v srdci m\u011bsta\" \/>\n<meta property=\"og:description\" content=\"pojte se s Caf\u00e9 Atol v Most\u011b. Najdete n\u00e1s v centru m\u011bsta, kde si m\u016f\u017eete vychutnat dokonalou k\u00e1vu a dom\u00e1c\u00ed z\u00e1kusky. Zavolejte n\u00e1m nebo n\u00e1s nav\u0161tivte!\" \/>\n<meta property=\"og:url\" content=\"https:\/\/cafe-atol.cz\/web\/kontakt\/\" \/>\n<meta property=\"og:site_name\" content=\"Caf\u00e9 Atol Most\" \/>\n<meta property=\"article:modified_time\" content=\"2025-01-23T09:01:24+00:00\" \/>\n<meta property=\"og:image\" content=\"https:\/\/cafe-atol.cz\/web\/wp-content\/uploads\/2024\/12\/hrnekatol-web2.png\" \/>\n\t<meta property=\"og:image:width\" content=\"600\" \/>\n\t<meta property=\"og:image:height\" content=\"650\" \/>\n\t<meta property=\"og:image:type\" content=\"image\/png\" \/>\n<meta name=\"twitter:card\" content=\"summary_large_image\" \/>\n<meta name=\"twitter:label1\" content=\"Odhadovan\u00e1 doba \u010dten\u00ed\" \/>\n\t<meta name=\"twitter:data1\" content=\"1 minuta\" \/>\n<script type=\"application\/ld+json\" class=\"yoast-schema-graph\">{\"@context\":\"https:\/\/schema.org\",\"@graph\":[{\"@type\":\"WebPage\",\"@id\":\"https:\/\/cafe-atol.cz\/web\/kontakt\/\",\"url\":\"https:\/\/cafe-atol.cz\/web\/kontakt\/\",\"name\":\"Kontakt | Caf\u00e9 Atol Most \u2013 Va\u0161e kav\u00e1rna v srdci m\u011bsta\",\"isPartOf\":{\"@id\":\"https:\/\/cafe-atol.cz\/web\/#website\"},\"primaryImageOfPage\":{\"@id\":\"https:\/\/cafe-atol.cz\/web\/kontakt\/#primaryimage\"},\"image\":{\"@id\":\"https:\/\/cafe-atol.cz\/web\/kontakt\/#primaryimage\"},\"thumbnailUrl\":\"https:\/\/cafe-atol.cz\/web\/wp-content\/uploads\/2024\/12\/hrnekatol-web2.png\",\"datePublished\":\"2025-01-15T20:15:45+00:00\",\"dateModified\":\"2025-01-23T09:01:24+00:00\",\"description\":\"pojte se s Caf\u00e9 Atol v Most\u011b. Najdete n\u00e1s v centru m\u011bsta, kde si m\u016f\u017eete vychutnat dokonalou k\u00e1vu a dom\u00e1c\u00ed z\u00e1kusky. Zavolejte n\u00e1m nebo n\u00e1s nav\u0161tivte!\",\"breadcrumb\":{\"@id\":\"https:\/\/cafe-atol.cz\/web\/kontakt\/#breadcrumb\"},\"inLanguage\":\"cs\",\"potentialAction\":[{\"@type\":\"ReadAction\",\"target\":[\"https:\/\/cafe-atol.cz\/web\/kontakt\/\"]}]},{\"@type\":\"ImageObject\",\"inLanguage\":\"cs\",\"@id\":\"https:\/\/cafe-atol.cz\/web\/kontakt\/#primaryimage\",\"url\":\"https:\/\/cafe-atol.cz\/web\/wp-content\/uploads\/2024\/12\/hrnekatol-web2.png\",\"contentUrl\":\"https:\/\/cafe-atol.cz\/web\/wp-content\/uploads\/2024\/12\/hrnekatol-web2.png\",\"width\":600,\"height\":650,\"caption\":\"Caf\u00e9 Atol Most - v\u00fdb\u011brov\u00e1 k\u00e1va\"},{\"@type\":\"BreadcrumbList\",\"@id\":\"https:\/\/cafe-atol.cz\/web\/kontakt\/#breadcrumb\",\"itemListElement\":[{\"@type\":\"ListItem\",\"position\":1,\"name\":\"Dom\u016f\",\"item\":\"https:\/\/cafe-atol.cz\/web\/\"},{\"@type\":\"ListItem\",\"position\":2,\"name\":\"Kontakt\"}]},{\"@type\":\"WebSite\",\"@id\":\"https:\/\/cafe-atol.cz\/web\/#website\",\"url\":\"https:\/\/cafe-atol.cz\/web\/\",\"name\":\"Caf\u00e9 Atol Most\",\"description\":\"\",\"potentialAction\":[{\"@type\":\"SearchAction\",\"target\":{\"@type\":\"EntryPoint\",\"urlTemplate\":\"https:\/\/cafe-atol.cz\/web\/?s={search_term_string}\"},\"query-input\":{\"@type\":\"PropertyValueSpecification\",\"valueRequired\":true,\"valueName\":\"search_term_string\"}}],\"inLanguage\":\"cs\"}]}<\/script>\n<!-- \/ Yoast SEO plugin. -->","yoast_head_json":{"title":"Kontakt | Caf\u00e9 Atol Most \u2013 Va\u0161e kav\u00e1rna v srdci m\u011bsta","description":"pojte se s Caf\u00e9 Atol v Most\u011b. Najdete n\u00e1s v centru m\u011bsta, kde si m\u016f\u017eete vychutnat dokonalou k\u00e1vu a dom\u00e1c\u00ed z\u00e1kusky. Zavolejte n\u00e1m nebo n\u00e1s nav\u0161tivte!","robots":{"index":"index","follow":"follow","max-snippet":"max-snippet:-1","max-image-preview":"max-image-preview:large","max-video-preview":"max-video-preview:-1"},"canonical":"https:\/\/cafe-atol.cz\/web\/kontakt\/","og_locale":"cs_CZ","og_type":"article","og_title":"Kontakt | Caf\u00e9 Atol Most \u2013 Va\u0161e kav\u00e1rna v srdci m\u011bsta","og_description":"pojte se s Caf\u00e9 Atol v Most\u011b. Najdete n\u00e1s v centru m\u011bsta, kde si m\u016f\u017eete vychutnat dokonalou k\u00e1vu a dom\u00e1c\u00ed z\u00e1kusky. Zavolejte n\u00e1m nebo n\u00e1s nav\u0161tivte!","og_url":"https:\/\/cafe-atol.cz\/web\/kontakt\/","og_site_name":"Caf\u00e9 Atol Most","article_modified_time":"2025-01-23T09:01:24+00:00","og_image":[{"width":600,"height":650,"url":"https:\/\/cafe-atol.cz\/web\/wp-content\/uploads\/2024\/12\/hrnekatol-web2.png","type":"image\/png"}],"twitter_card":"summary_large_image","twitter_misc":{"Odhadovan\u00e1 doba \u010dten\u00ed":"1 minuta"},"schema":{"@context":"https:\/\/schema.org","@graph":[{"@type":"WebPage","@id":"https:\/\/cafe-atol.cz\/web\/kontakt\/","url":"https:\/\/cafe-atol.cz\/web\/kontakt\/","name":"Kontakt | Caf\u00e9 Atol Most \u2013 Va\u0161e kav\u00e1rna v srdci m\u011bsta","isPartOf":{"@id":"https:\/\/cafe-atol.cz\/web\/#website"},"primaryImageOfPage":{"@id":"https:\/\/cafe-atol.cz\/web\/kontakt\/#primaryimage"},"image":{"@id":"https:\/\/cafe-atol.cz\/web\/kontakt\/#primaryimage"},"thumbnailUrl":"https:\/\/cafe-atol.cz\/web\/wp-content\/uploads\/2024\/12\/hrnekatol-web2.png","datePublished":"2025-01-15T20:15:45+00:00","dateModified":"2025-01-23T09:01:24+00:00","description":"pojte se s Caf\u00e9 Atol v Most\u011b. Najdete n\u00e1s v centru m\u011bsta, kde si m\u016f\u017eete vychutnat dokonalou k\u00e1vu a dom\u00e1c\u00ed z\u00e1kusky. Zavolejte n\u00e1m nebo n\u00e1s nav\u0161tivte!","breadcrumb":{"@id":"https:\/\/cafe-atol.cz\/web\/kontakt\/#breadcrumb"},"inLanguage":"cs","potentialAction":[{"@type":"ReadAction","target":["https:\/\/cafe-atol.cz\/web\/kontakt\/"]}]},{"@type":"ImageObject","inLanguage":"cs","@id":"https:\/\/cafe-atol.cz\/web\/kontakt\/#primaryimage","url":"https:\/\/cafe-atol.cz\/web\/wp-content\/uploads\/2024\/12\/hrnekatol-web2.png","contentUrl":"https:\/\/cafe-atol.cz\/web\/wp-content\/uploads\/2024\/12\/hrnekatol-web2.png","width":600,"height":650,"caption":"Caf\u00e9 Atol Most - v\u00fdb\u011brov\u00e1 k\u00e1va"},{"@type":"BreadcrumbList","@id":"https:\/\/cafe-atol.cz\/web\/kontakt\/#breadcrumb","itemListElement":[{"@type":"ListItem","position":1,"name":"Dom\u016f","item":"https:\/\/cafe-atol.cz\/web\/"},{"@type":"ListItem","position":2,"name":"Kontakt"}]},{"@type":"WebSite","@id":"https:\/\/cafe-atol.cz\/web\/#website","url":"https:\/\/cafe-atol.cz\/web\/","name":"Caf\u00e9 Atol Most","description":"","potentialAction":[{"@type":"SearchAction","target":{"@type":"EntryPoint","urlTemplate":"https:\/\/cafe-atol.cz\/web\/?s={search_term_string}"},"query-input":{"@type":"PropertyValueSpecification","valueRequired":true,"valueName":"search_term_string"}}],"inLanguage":"cs"}]}},"_links":{"self":[{"href":"https:\/\/cafe-atol.cz\/web\/wp-json\/wp\/v2\/pages\/5288","targetHints":{"allow":["GET"]}}],"collection":[{"href":"https:\/\/cafe-atol.cz\/web\/wp-json\/wp\/v2\/pages"}],"about":[{"href":"https:\/\/cafe-atol.cz\/web\/wp-json\/wp\/v2\/types\/page"}],"author":[{"embeddable":true,"href":"https:\/\/cafe-atol.cz\/web\/wp-json\/wp\/v2\/users\/1"}],"replies":[{"embeddable":true,"href":"https:\/\/cafe-atol.cz\/web\/wp-json\/wp\/v2\/comments?post=5288"}],"version-history":[{"count":65,"href":"https:\/\/cafe-atol.cz\/web\/wp-json\/wp\/v2\/pages\/5288\/revisions"}],"predecessor-version":[{"id":5751,"href":"https:\/\/cafe-atol.cz\/web\/wp-json\/wp\/v2\/pages\/5288\/revisions\/5751"}],"wp:attachment":[{"href":"https:\/\/cafe-atol.cz\/web\/wp-json\/wp\/v2\/media?parent=5288"}],"curies":[{"name":"wp","href":"https:\/\/api.w.org\/{rel}","templated":true}]}}